{"id":2683,"date":"2025-07-22T10:35:26","date_gmt":"2025-07-22T09:35:26","guid":{"rendered":"https:\/\/riojablack.com\/taxi-service-in-la-rioja\/"},"modified":"2026-05-15T15:23:01","modified_gmt":"2026-05-15T14:23:01","slug":"taxi-service-in-la-rioja","status":"publish","type":"page","link":"https:\/\/riojablack.com\/de\/","title":{"rendered":"Taxi-Service in La Rioja"},"content":{"rendered":"\n<div class=\"wp-block-cover alignfull is-light\"><video class=\"wp-block-cover__video-background intrinsic-ignore\" autoplay muted loop playsinline src=\"https:\/\/riojablack.com\/wp-content\/uploads\/2026\/03\/VTC-en-La-Rioja.mp4\" poster=\"https:\/\/riojablack.com\/wp-content\/uploads\/2026\/03\/Luxury-Car-Service-in-La-Rioja-scaled.webp\" data-object-fit=\"cover\"><\/video><span aria-hidden=\"true\" class=\"wp-block-cover__background has-background-dim\" style=\"background-color:#FFF\"><\/span><div class=\"wp-block-cover__inner-container has-global-padding is-layout-constrained wp-container-core-cover-is-layout-634c1726 wp-block-cover-is-layout-constrained\">\n<p class=\"has-text-align-center has-large-font-size\"><\/p>\n<\/div><\/div>\n\n<div class=\"wp-block-group alignfull has-global-padding is-layout-constrained wp-container-core-group-is-layout-0c9c989a wp-block-group-is-layout-constrained\" style=\"min-height:0vh;margin-top:0;margin-bottom:0;padding-top:var(--wp--preset--spacing--70);padding-right:var(--wp--preset--spacing--40);padding-bottom:var(--wp--preset--spacing--70);padding-left:var(--wp--preset--spacing--40)\">\n<div class=\"wp-block-group has-global-padding is-layout-constrained wp-container-core-group-is-layout-346627ba wp-block-group-is-layout-constrained\">\n<p class=\"has-text-align-center has-xx-large-font-size\">Private Transfers  <\/p>\n\n\n\n<p class=\"has-text-align-center\">Weing\u00fcter | Flugh\u00e4fen | Unternehmen<\/p>\n\n\n\n<p class=\"has-text-align-center\">Entdecken Sie La Rioja an Bord unserer Mercedes-Benz Flotte. Wir sind f\u00fchrend bei Premium-Transfers und privaten Chauffeurdiensten f\u00fcr individuelle Touren, Hotel- und Flughafenabholungen, Verbindungen zwischen St\u00e4dten und Gesch\u00e4ftsreisen. <\/p>\n<\/div>\n<\/div>\n\n<div class=\"wp-block-group alignfull is-style-section-1 has-global-padding is-content-justification-center is-layout-constrained wp-block-group-is-layout-constrained is-style-section-1--1\" style=\"margin-top:0;margin-bottom:0;padding-top:var(--wp--preset--spacing--80);padding-bottom:var(--wp--preset--spacing--80)\">\n<div class=\"wp-block-columns alignwide is-layout-flex wp-container-core-columns-is-layout-66fad18a wp-block-columns-is-layout-flex\">\n<div class=\"wp-block-column is-layout-flow wp-block-column-is-layout-flow\" style=\"padding-right:var(--wp--preset--spacing--50);flex-basis:45%\">\n<figure class=\"wp-block-image size-full\"><img decoding=\"async\" width=\"2560\" height=\"1440\" src=\"https:\/\/riojablack.com\/wp-content\/uploads\/2026\/02\/1000005144-scaled.jpg\" alt=\"RiojaBlack schwarzer Mercedes V-Klasse Van geparkt im Abflugbereich des Flughafens, bereit f&#xFC;r Chauffeur- und Luxustaxiservices in La Rioja.\" class=\"wp-image-1575\" srcset=\"https:\/\/riojablack.com\/wp-content\/uploads\/2026\/02\/1000005144-scaled.jpg 2560w, https:\/\/riojablack.com\/wp-content\/uploads\/2026\/02\/1000005144-300x169.jpg 300w, https:\/\/riojablack.com\/wp-content\/uploads\/2026\/02\/1000005144-1024x576.jpg 1024w, https:\/\/riojablack.com\/wp-content\/uploads\/2026\/02\/1000005144-768x432.jpg 768w, https:\/\/riojablack.com\/wp-content\/uploads\/2026\/02\/1000005144-1536x864.jpg 1536w, https:\/\/riojablack.com\/wp-content\/uploads\/2026\/02\/1000005144-2048x1152.jpg 2048w, https:\/\/riojablack.com\/wp-content\/uploads\/2026\/02\/1000005144-460x259.jpg 460w, https:\/\/riojablack.com\/wp-content\/uploads\/2026\/02\/1000005144-800x450.jpg 800w\" sizes=\"(max-width: 2560px) 100vw, 2560px\" \/><figcaption class=\"wp-element-caption\">Reisen Sie in der ersten Klasse in La Rioja<br\/>Genie\u00dfen Sie maximalen Komfort bei Ihren Transfers rund um Logro\u00f1o und La Rioja. Unsere Mercedes V-Klasse verf\u00fcgt \u00fcber Luxussitze, Massage und Klimaanlage. VIP-Service.  <\/figcaption><\/figure>\n\n\n\n<figure class=\"wp-block-image size-full\"><img decoding=\"async\" width=\"2560\" height=\"1441\" src=\"https:\/\/riojablack.com\/wp-content\/uploads\/2025\/07\/DSC07497-scaled.jpg\" alt=\"Die elegante Chromapplikation der Heckklappe einer Mercedes V-Klasse, die die hochwertige Verarbeitung unterstreicht.\" class=\"wp-image-68\" srcset=\"https:\/\/riojablack.com\/wp-content\/uploads\/2025\/07\/DSC07497-scaled.jpg 2560w, https:\/\/riojablack.com\/wp-content\/uploads\/2025\/07\/DSC07497-300x169.jpg 300w, https:\/\/riojablack.com\/wp-content\/uploads\/2025\/07\/DSC07497-1024x576.jpg 1024w, https:\/\/riojablack.com\/wp-content\/uploads\/2025\/07\/DSC07497-768x432.jpg 768w, https:\/\/riojablack.com\/wp-content\/uploads\/2025\/07\/DSC07497-1536x864.jpg 1536w, https:\/\/riojablack.com\/wp-content\/uploads\/2025\/07\/DSC07497-2048x1152.jpg 2048w\" sizes=\"(max-width: 2560px) 100vw, 2560px\" \/><\/figure>\n<\/div>\n\n\n\n<div class=\"wp-block-column is-vertically-aligned-center is-layout-flow wp-block-column-is-layout-flow\" style=\"padding-right:0;padding-left:0;flex-basis:50%\">\n<div class=\"wp-block-group is-vertical is-layout-flex wp-container-core-group-is-layout-fe9cc265 wp-block-group-is-layout-flex\">\n<h2 class=\"wp-block-heading is-style-text-annotation is-style-text-annotation--2\">Private Transfers in Logro\u00f1o und La Rioja<\/h2>\n<\/div>\n\n\n\n<p class=\"is-style-text-subtitle is-style-text-subtitle--3\">Bei RiojaBlack definieren wir das Konzept eines Taxis neu. Mit unserem Taxi-Service bieten wir erstklassige Erlebnisse f\u00fcr den erfahrenen Reisenden. Ganz gleich, ob Sie einen zuverl\u00e4ssigen Flughafentransfer oder eine ma\u00dfgeschneiderte Tour zu den besten Weing\u00fctern ben\u00f6tigen, unsere professionellen Fahrer und unsere tadellose Flotte garantieren Ihnen eine Reise mit unvergleichlichem Komfort und Stil.  <\/p>\n<\/div>\n<\/div>\n<\/div>\n\n<div class=\"wp-block-group alignfull has-global-padding is-layout-constrained wp-container-core-group-is-layout-ebee8dc1 wp-block-group-is-layout-constrained\" style=\"margin-top:0;margin-bottom:0;padding-top:var(--wp--preset--spacing--50);padding-bottom:var(--wp--preset--spacing--50)\">\n<div class=\"wp-block-columns alignwide is-layout-flex wp-container-core-columns-is-layout-28f84493 wp-block-columns-is-layout-flex\">\n<div class=\"wp-block-column is-layout-flow wp-block-column-is-layout-flow\">\n<figure class=\"wp-block-image size-full\" style=\"margin-bottom:24px\"><img decoding=\"async\" width=\"2560\" height=\"1441\" src=\"https:\/\/riojablack.com\/wp-content\/uploads\/2025\/10\/DSC05837-scaled.jpg\" alt=\"Frontansicht einer schwarzen Mercedes-Benz S-Klasse, dem Flaggschiff der RiojaBlack Flotte, bereit f&#xFC;r einen Executive Chauffeur-Service in La Rioja.\" class=\"wp-image-1076\" style=\"aspect-ratio:4\/3;object-fit:cover\" srcset=\"https:\/\/riojablack.com\/wp-content\/uploads\/2025\/10\/DSC05837-scaled.jpg 2560w, https:\/\/riojablack.com\/wp-content\/uploads\/2025\/10\/DSC05837-300x169.jpg 300w, https:\/\/riojablack.com\/wp-content\/uploads\/2025\/10\/DSC05837-1024x576.jpg 1024w, https:\/\/riojablack.com\/wp-content\/uploads\/2025\/10\/DSC05837-768x432.jpg 768w, https:\/\/riojablack.com\/wp-content\/uploads\/2025\/10\/DSC05837-1536x864.jpg 1536w, https:\/\/riojablack.com\/wp-content\/uploads\/2025\/10\/DSC05837-2048x1153.jpg 2048w, https:\/\/riojablack.com\/wp-content\/uploads\/2025\/10\/DSC05837-460x259.jpg 460w, https:\/\/riojablack.com\/wp-content\/uploads\/2025\/10\/DSC05837-800x450.jpg 800w\" sizes=\"(max-width: 2560px) 100vw, 2560px\" \/><\/figure>\n\n\n\n<h3 class=\"wp-block-heading\"><strong><a href=\"https:\/\/riojablack.com\/de\/unsere-flotte\/\">Eine erstklassige Flotte<\/a><\/strong><\/h3>\n\n\n\n<p class=\"has-medium-font-size\">Von unserem Flaggschiff, der S-Klasse, \u00fcber unsere ger\u00e4umige V-Klasse bis hin zu unseren leisen, 100% elektrischen Modellen. Das perfekte Fahrzeug f\u00fcr jeden Bedarf. <\/p>\n<\/div>\n\n\n\n<div class=\"wp-block-column is-layout-flow wp-block-column-is-layout-flow\">\n<figure class=\"wp-block-image size-full\" style=\"margin-bottom:24px\"><img decoding=\"async\" width=\"2560\" height=\"1441\" src=\"https:\/\/riojablack.com\/wp-content\/uploads\/2026\/02\/DSC08692-scaled.jpg\" alt=\"Privater Chauffeur, der neben einem schwarzen Mercedes V-Klasse Van am Flughafen Logro&#xF1;o-Agoncillo auf Kunden wartet.\" class=\"wp-image-1553\" style=\"aspect-ratio:4\/3;object-fit:cover\" srcset=\"https:\/\/riojablack.com\/wp-content\/uploads\/2026\/02\/DSC08692-scaled.jpg 2560w, https:\/\/riojablack.com\/wp-content\/uploads\/2026\/02\/DSC08692-300x169.jpg 300w, https:\/\/riojablack.com\/wp-content\/uploads\/2026\/02\/DSC08692-1024x576.jpg 1024w, https:\/\/riojablack.com\/wp-content\/uploads\/2026\/02\/DSC08692-768x432.jpg 768w, https:\/\/riojablack.com\/wp-content\/uploads\/2026\/02\/DSC08692-1536x864.jpg 1536w, https:\/\/riojablack.com\/wp-content\/uploads\/2026\/02\/DSC08692-2048x1153.jpg 2048w, https:\/\/riojablack.com\/wp-content\/uploads\/2026\/02\/DSC08692-460x259.jpg 460w, https:\/\/riojablack.com\/wp-content\/uploads\/2026\/02\/DSC08692-800x450.jpg 800w\" sizes=\"(max-width: 2560px) 100vw, 2560px\" \/><\/figure>\n\n\n\n<h3 class=\"wp-block-heading\"><strong><a href=\"https:\/\/riojablack.com\/about-us\/\">Berufskraftfahrer<\/a><\/strong><\/h3>\n\n\n\n<p class=\"has-medium-font-size\">Erfahrene, zweisprachige, einheimische Fahrer mit tadellosem Auftreten und fundierten Kenntnissen \u00fcber La Rioja.<\/p>\n<\/div>\n\n\n\n<div class=\"wp-block-column is-layout-flow wp-block-column-is-layout-flow\">\n<figure class=\"wp-block-image size-full\" style=\"margin-bottom:24px\"><img decoding=\"async\" width=\"2560\" height=\"1441\" src=\"https:\/\/riojablack.com\/wp-content\/uploads\/2026\/02\/DSC08760-1-scaled.jpg\" alt=\"Armaturenbrett und Premium-Ausstattung des neuen Mercedes V-Klasse Vans, der f&#xFC;r private Transfers in La Rioja verwendet wird.\" class=\"wp-image-1554\" style=\"aspect-ratio:4\/3;object-fit:cover\" srcset=\"https:\/\/riojablack.com\/wp-content\/uploads\/2026\/02\/DSC08760-1-scaled.jpg 2560w, https:\/\/riojablack.com\/wp-content\/uploads\/2026\/02\/DSC08760-1-300x169.jpg 300w, https:\/\/riojablack.com\/wp-content\/uploads\/2026\/02\/DSC08760-1-1024x576.jpg 1024w, https:\/\/riojablack.com\/wp-content\/uploads\/2026\/02\/DSC08760-1-768x432.jpg 768w, https:\/\/riojablack.com\/wp-content\/uploads\/2026\/02\/DSC08760-1-1536x864.jpg 1536w, https:\/\/riojablack.com\/wp-content\/uploads\/2026\/02\/DSC08760-1-2048x1153.jpg 2048w, https:\/\/riojablack.com\/wp-content\/uploads\/2026\/02\/DSC08760-1-460x259.jpg 460w, https:\/\/riojablack.com\/wp-content\/uploads\/2026\/02\/DSC08760-1-800x450.jpg 800w\" sizes=\"(max-width: 2560px) 100vw, 2560px\" \/><\/figure>\n\n\n\n<h3 class=\"wp-block-heading\"><strong><a href=\"https:\/\/riojablack.com\/de\/taxi-dienste-mit-privatem-chauffeur-in-la-rioja\/\" data-type=\"link\" data-id=\"https:\/\/riojablack.com\/our-services\/\">P\u00fcnktlichkeit und Diskretion<\/a><\/strong><\/h3>\n\n\n\n<p class=\"has-medium-font-size\">Wir sch\u00e4tzen Ihre Zeit und Ihre Privatsph\u00e4re. Unser Service ist eine Garantie f\u00fcr Zuverl\u00e4ssigkeit und Vertraulichkeit. <\/p>\n<\/div>\n<\/div>\n<\/div>\n\n\n\n\n\n\n\n<h2 class=\"wp-block-heading\"><a href=\"https:\/\/riojablack.com\/de\/taxi-dienste-mit-privatem-chauffeur-in-la-rioja\/\">Einzigartige Mobilit\u00e4tsl\u00f6sungen f\u00fcr jeden Bedarf<\/a><\/h2>\n\n<p><\/p>\n\n<p style=\"margin-top:0;margin-right:0;margin-bottom:0;margin-left:0\">Wir bei RiojaBlack verstehen, dass jede Reise einen einzigartigen Zweck hat. Aus diesem Grund haben wir eine Reihe von privaten Chauffeurdiensten entwickelt, die sich millimetergenau an Ihre Bed\u00fcrfnisse anpassen, sei es, um ein Gesch\u00e4ft abzuschlie\u00dfen, Luxustourismus zu genie\u00dfen oder einen unvergesslichen Tag in La Rioja und Umgebung zu feiern. <\/p>\n\n<h3 class=\"wp-block-heading\"><strong><a href=\"https:\/\/riojablack.com\/luxury-airport-transfers\/\">Flughafen-Transfers<\/a><\/strong><\/h3>\n\n<p>Beginnen und beenden Sie Ihre Reise in aller Seelenruhe. Wir bieten Direktverbindungen, Meet &amp; Greet und Flug\u00fcberwachung an den Flugh\u00e4fen Bilbao, Madrid, Zaragoza und Pamplona. <\/p>\n\n<h3 class=\"wp-block-heading\"><strong><a href=\"https:\/\/riojablack.com\/executive-transport-for-business\/\">Unternehmens- und Gesch\u00e4ftstransport<\/a><\/strong><\/h3>\n\n<p>Das beste Image f\u00fcr Ihr Unternehmen. Diskrete Transfers f\u00fcr F\u00fchrungskr\u00e4fte, Teilnahme an Kongressen und Fahrzeuge, die Ihnen als echte mobile B\u00fcros zur Verf\u00fcgung stehen. <\/p>\n\n<h3 class=\"wp-block-heading\"><strong><a href=\"https:\/\/riojablack.com\/bespoke-wine-culinary-tours\/\">\u00d6nologische und gastronomische Routen<\/a><\/strong><\/h3>\n\n<p>Entdecken Sie die Geheimnisse des Rioja-Weins und der Haute Cuisine, indem Sie sich gehen lassen. Genie\u00dfen Sie Verkostungen und Michelin-Sterne-Restaurants, ohne sich um das Lenkrad zu k\u00fcmmern. <\/p>\n\n<h3 class=\"wp-block-heading\"><strong><a href=\"https:\/\/riojablack.com\/luxury-transport-for-unforgettable-weddings-events\/\">Hochzeiten und besondere Anl\u00e4sse<\/a><\/strong><\/h3>\n\n<p>Traumhafte Fahrzeuge und ein tadelloser Protokollservice. Wir k\u00fcmmern uns um die Hochzeitslogistik, damit Ihre Ankunft am wichtigsten Tag einfach perfekt ist. <\/p>\n\n<h2 class=\"wp-block-heading\"><a href=\"https:\/\/riojablack.com\/de\/unsere-flotte\/\">Lernen Sie unsere Mercedes-Benz Flotte kennen<\/a><\/h2>\n\n<p>Wahrer Luxus liegt im Raum, in der Ruhe und in der Liebe zum Detail. Unsere Flotte besteht ausschlie\u00dflich aus hochmodernen Mercedes-Benz Fahrzeugen, die nach einem absoluten Sauberkeits- und Servicestandard gewartet werden, um Ihre maximale Sicherheit und Ihren Komfort auf jeder Meile zu gew\u00e4hrleisten. <\/p>\n\n<h3 class=\"wp-block-heading\"><a href=\"https:\/\/riojablack.com\/mercedes-benz-clase-s-lujo-y-distincion\/\"><strong>Mercedes S-Klasse: Der ultimative Luxus<\/strong><\/a><\/h3>\n\n<p>Das Flaggschiff der Eleganz. Eine leistungsstarke Limousine mit einem opulenten Interieur, ideal f\u00fcr Gesch\u00e4ftsreisen, Hochzeiten und VIP-Kunden, die ein H\u00f6chstma\u00df an Raffinesse verlangen. <\/p>\n\n<h3 class=\"wp-block-heading\"><strong><a href=\"https:\/\/riojablack.com\/de\/traslados-para-grupos-en-la-rioja-con-mercedes-clase-v\/\">Mercedes V-Klasse: Platz und Vielseitigkeit<\/a><\/strong><\/h3>\n\n<p>Die ultimative Wahl f\u00fcr Gruppenreisen, ohne auf Premium-Standards verzichten zu m\u00fcssen. \u00dcberlegene Ger\u00e4umigkeit, erstklassige Sitze und Lounge-Konfiguration, perfekt f\u00fcr Familien oder Arbeitsteams. <\/p>\n\n<h3 class=\"wp-block-heading\"><strong><a href=\"https:\/\/riojablack.com\/nuestra-flota-electrica-el-futuro-del-lujo-es-silencioso-y-sostenible\/\">100% elektrische EQ-Flotte: Premium-Nachhaltigkeit<\/a><\/strong><\/h3>\n\n<p>Reisen Sie absolut ger\u00e4uschlos und ohne Emissionen in die Zukunft. Unsere Mercedes EQA-, EQB- und EQV-Modelle verbinden den markentypischen Komfort mit dem gr\u00f6\u00dftm\u00f6glichen Respekt f\u00fcr die nat\u00fcrliche Umwelt von La Rioja. <\/p>\n\n<div class=\"wp-block-buttons is-layout-flex wp-block-buttons-is-layout-flex\"><\/div>\n\n<h2 class=\"wp-block-heading has-text-align-center\"><a href=\"https:\/\/riojablack.com\/de\/kontakt-und-reservierungen\/\">Online buchen<\/a><\/h2>\n\n<p><\/p>\n","protected":false},"excerpt":{"rendered":"<p>Private Transfers Weing\u00fcter | Flugh\u00e4fen | Unternehmen Entdecken Sie La Rioja an Bord unserer Mercedes-Benz Flotte. Wir sind f\u00fchrend bei Premium-Transfers und privaten Chauffeurdiensten f\u00fcr individuelle Touren, Hotel- und Flughafenabholungen, Verbindungen zwischen St\u00e4dten und Gesch\u00e4ftsreisen. Private Transfers in Logro\u00f1o und La Rioja Bei RiojaBlack definieren wir das Konzept eines Taxis neu. Mit unserem Taxi-Service bieten [&hellip;]<\/p>\n","protected":false},"author":1,"featured_media":2772,"parent":0,"menu_order":0,"comment_status":"closed","ping_status":"closed","template":"","meta":{"pagelayer_contact_templates":[],"_pagelayer_content":"","footnotes":""},"class_list":["post-2683","page","type-page","status-publish","has-post-thumbnail","hentry"],"_links":{"self":[{"href":"https:\/\/riojablack.com\/de\/wp-json\/wp\/v2\/pages\/2683","targetHints":{"allow":["GET"]}}],"collection":[{"href":"https:\/\/riojablack.com\/de\/wp-json\/wp\/v2\/pages"}],"about":[{"href":"https:\/\/riojablack.com\/de\/wp-json\/wp\/v2\/types\/page"}],"author":[{"embeddable":true,"href":"https:\/\/riojablack.com\/de\/wp-json\/wp\/v2\/users\/1"}],"replies":[{"embeddable":true,"href":"https:\/\/riojablack.com\/de\/wp-json\/wp\/v2\/comments?post=2683"}],"version-history":[{"count":8,"href":"https:\/\/riojablack.com\/de\/wp-json\/wp\/v2\/pages\/2683\/revisions"}],"predecessor-version":[{"id":4191,"href":"https:\/\/riojablack.com\/de\/wp-json\/wp\/v2\/pages\/2683\/revisions\/4191"}],"wp:featuredmedia":[{"embeddable":true,"href":"https:\/\/riojablack.com\/de\/wp-json\/wp\/v2\/media\/2772"}],"wp:attachment":[{"href":"https:\/\/riojablack.com\/de\/wp-json\/wp\/v2\/media?parent=2683"}],"curies":[{"name":"wp","href":"https:\/\/api.w.org\/{rel}","templated":true}]}}