{"id":3210,"date":"2025-07-24T20:23:24","date_gmt":"2025-07-24T19:23:24","guid":{"rendered":"https:\/\/riojablack.com\/taxi-dienste-mit-privatem-chauffeur-in-la-rioja\/"},"modified":"2026-05-15T15:23:17","modified_gmt":"2026-05-15T14:23:17","slug":"taxi-dienste-mit-privatem-chauffeur-in-la-rioja","status":"publish","type":"page","link":"https:\/\/riojablack.com\/de\/taxi-dienste-mit-privatem-chauffeur-in-la-rioja\/","title":{"rendered":"Taxi-Dienste mit privatem Chauffeur in La Rioja"},"content":{"rendered":"\n<style>.siteseo-breadcrumbs{display:flex;list-style-type:none;margin:0;padding:0}.siteseo-breadcrumbs-seperator{margin:0 5px;padding:0}<\/style><div class=\"siteseo-breadcrumbs-wrap\">\n\t\t<ul class=\"siteseo-breadcrumbs\"><li><a href=\"https:\/\/riojablack.com\" title=\"Home\">Home<\/a><\/li><\/ul><\/div>\n\n<div class=\"wp-block-cover alignfull has-custom-content-position is-position-bottom-center\" style=\"margin-top:0;margin-bottom:0;padding-top:var(--wp--preset--spacing--50);padding-right:var(--wp--preset--spacing--50);padding-bottom:var(--wp--preset--spacing--50);padding-left:var(--wp--preset--spacing--50);min-height:840px;aspect-ratio:unset;\"><img decoding=\"async\" width=\"1024\" height=\"576\" class=\"wp-block-cover__image-background wp-image-1659 size-large\" alt=\"Interior con asientos de lujo de la Mercedes Clase V, veh\u00edculo principal para los servicios de ch\u00f3fer privado y traslados exclusivos de RiojaBlack en La Rioja.\" src=\"https:\/\/riojablack.com\/wp-content\/uploads\/2026\/02\/DSC08742-1-1024x576.jpg\" data-object-fit=\"cover\" srcset=\"https:\/\/riojablack.com\/wp-content\/uploads\/2026\/02\/DSC08742-1-1024x576.jpg 1024w, https:\/\/riojablack.com\/wp-content\/uploads\/2026\/02\/DSC08742-1-300x169.jpg 300w, https:\/\/riojablack.com\/wp-content\/uploads\/2026\/02\/DSC08742-1-768x432.jpg 768w, https:\/\/riojablack.com\/wp-content\/uploads\/2026\/02\/DSC08742-1-1536x864.jpg 1536w, https:\/\/riojablack.com\/wp-content\/uploads\/2026\/02\/DSC08742-1-2048x1153.jpg 2048w, https:\/\/riojablack.com\/wp-content\/uploads\/2026\/02\/DSC08742-1-460x259.jpg 460w, https:\/\/riojablack.com\/wp-content\/uploads\/2026\/02\/DSC08742-1-800x450.jpg 800w\" sizes=\"(max-width: 1024px) 100vw, 1024px\" \/><span aria-hidden=\"true\" class=\"wp-block-cover__background has-background-dim-10 has-background-dim\" style=\"background-color:#46606c\"><\/span><div class=\"wp-block-cover__inner-container has-global-padding is-layout-constrained wp-container-core-cover-is-layout-d89aad35 wp-block-cover-is-layout-constrained\">\n<div class=\"wp-block-group alignwide has-global-padding is-content-justification-left is-layout-constrained wp-container-core-group-is-layout-12dd3699 wp-block-group-is-layout-constrained\">\n<p class=\"has-text-align-left has-accent-5-color has-text-color has-link-color wp-elements-5a05dfbcc14b67a94863ba87fb1f1200\" style=\"font-size:clamp(1.743rem, 1.743rem + ((1vw - 0.2rem) * 1.972), 3rem);\"><strong><mark style=\"background-color:rgba(0, 0, 0, 0)\" class=\"has-inline-color has-base-color\">Unser Chauffeur- und Privattransfer-Service<\/mark><\/strong><\/p>\n\n\n\n<p><strong><mark style=\"background-color:#0000004d\" class=\"has-inline-color has-base-color\">Vom einfachen Flughafentransfer bis hin zu einer mehrt\u00e4gigen Tour bietet RiojaBlack eine Reihe von Dienstleistungen, die \u00fcber ein Standardtaxi hinausgehen. Wir bieten eine zuverl\u00e4ssige, luxuri\u00f6se und pers\u00f6nliche Transportl\u00f6sung in ganz La Rioja.   <\/mark><\/strong><\/p>\n\n\n\n<div class=\"wp-block-buttons is-layout-flex wp-block-buttons-is-layout-flex\">\n<div class=\"wp-block-button\"><a class=\"wp-block-button__link wp-element-button\" href=\"https:\/\/riojablack.com\/booking-contact\/\">Online buchen<\/a><\/div>\n<\/div>\n<\/div>\n<\/div><\/div>\n\n<div class=\"wp-block-group alignfull is-style-section-5 has-global-padding is-layout-constrained wp-block-group-is-layout-constrained is-style-section-5--1\" style=\"margin-top:0;margin-bottom:0;padding-top:var(--wp--preset--spacing--50);padding-bottom:var(--wp--preset--spacing--50)\">\n<div class=\"wp-block-columns alignwide is-layout-flex wp-container-core-columns-is-layout-7ee84d44 wp-block-columns-is-layout-flex\">\n<div class=\"wp-block-column is-vertically-aligned-center is-layout-flow wp-block-column-is-layout-flow\" style=\"flex-basis:50%\">\n<h2 class=\"wp-block-heading has-x-large-font-size\"><a href=\"https:\/\/riojablack.com\/luxury-airport-transfers\/\" data-type=\"link\" data-id=\"https:\/\/riojablack.com\/luxury-airport-transfers\/\">Flughafen-Transfers<\/a><\/h2>\n\n\n\n<p class=\"has-medium-font-size\">Beginnen oder beenden Sie Ihre Reise mit nat\u00fcrlicher Raffinesse. Wir fahren alle gro\u00dfen Flugh\u00e4fen an, darunter Bilbao<g id=\"gid_0\"> (BIO),<\/g> Vitoria (VIT) und Logro\u00f1o (RJL). Ihr Chauffeur \u00fcberwacht Ihren Flug und wartet auf Sie, ganz gleich, ob Sie eine Executive E-Klasse f\u00fcr eine Solofahrt oder eine V-Klasse f\u00fcr einen Familienurlaub ben\u00f6tigen.  <\/p>\n<\/div>\n\n\n\n<div class=\"wp-block-column is-vertically-aligned-center is-layout-flow wp-block-column-is-layout-flow\" style=\"flex-basis:50%\">\n<figure class=\"wp-block-image size-full\"><a href=\"https:\/\/riojablack.com\/de\/privatfluege-zum-flughafen-von-la-rioja-vtc-premium\/\"><img decoding=\"async\" width=\"1441\" height=\"2560\" src=\"https:\/\/riojablack.com\/wp-content\/uploads\/2026\/02\/DSC08780-scaled.jpg\" alt=\"Vorderansicht des schwarzen Mercedes V-Klasse Vans, der am Flughafen Agoncillo wartet. Das Fahrzeug wird von RiojaBlack f&#xFC;r private Transfers von den Flugh&#xE4;fen Bilbao und Logro&#xF1;o genutzt.\" class=\"wp-image-1652\" style=\"aspect-ratio:1;object-fit:cover\" srcset=\"https:\/\/riojablack.com\/wp-content\/uploads\/2026\/02\/DSC08780-scaled.jpg 1441w, https:\/\/riojablack.com\/wp-content\/uploads\/2026\/02\/DSC08780-169x300.jpg 169w, https:\/\/riojablack.com\/wp-content\/uploads\/2026\/02\/DSC08780-576x1024.jpg 576w, https:\/\/riojablack.com\/wp-content\/uploads\/2026\/02\/DSC08780-768x1365.jpg 768w, https:\/\/riojablack.com\/wp-content\/uploads\/2026\/02\/DSC08780-864x1536.jpg 864w, https:\/\/riojablack.com\/wp-content\/uploads\/2026\/02\/DSC08780-1153x2048.jpg 1153w, https:\/\/riojablack.com\/wp-content\/uploads\/2026\/02\/DSC08780-172x306.jpg 172w, https:\/\/riojablack.com\/wp-content\/uploads\/2026\/02\/DSC08780-300x533.jpg 300w\" sizes=\"(max-width: 1441px) 100vw, 1441px\" \/><\/a><figcaption class=\"wp-element-caption\">Unsere Mercedes V-Klasse wartet bei Ihrer Ankunft auf Sie. Spezialisiert auf Transfers von den Flugh\u00e4fen Bilbao (BIO) und Logro\u00f1o (RJL). <\/figcaption><\/figure>\n<\/div>\n<\/div>\n<\/div>\n\n<div class=\"wp-block-group alignfull is-style-section-5 has-global-padding is-layout-constrained wp-block-group-is-layout-constrained is-style-section-5--2\" style=\"margin-top:0;margin-bottom:0;padding-top:var(--wp--preset--spacing--50);padding-bottom:var(--wp--preset--spacing--50)\">\n<div class=\"wp-block-columns alignwide is-layout-flex wp-container-core-columns-is-layout-7ee84d44 wp-block-columns-is-layout-flex\">\n<div class=\"wp-block-column is-vertically-aligned-center is-layout-flow wp-block-column-is-layout-flow\" style=\"flex-basis:50%\">\n<h2 class=\"wp-block-heading has-x-large-font-size\"><a href=\"https:\/\/riojablack.com\/bespoke-wine-culinary-tours\/\">Weintourismus und Gastronomie<\/a><\/h2>\n\n\n\n<p class=\"has-medium-font-size\">Lassen Sie uns Ihr Reisef\u00fchrer f\u00fcr das Herz des spanischen Weinlandes sein. Wir erstellen ma\u00dfgeschneiderte Reiserouten, um die legend\u00e4ren Weing\u00fcter und gastronomischen Tempel von La Rioja zu besuchen. Unsere Class V ist perfekt f\u00fcr Gruppen, w\u00e4hrend unsere stille EQA eine einzigartig moderne Art bietet, die Weinberge zu erkunden. Sie genie\u00dfen den Wein, wir k\u00fcmmern uns um die Stra\u00dfe.   <\/p>\n<\/div>\n\n\n\n<div class=\"wp-block-column is-vertically-aligned-center is-layout-flow wp-block-column-is-layout-flow\" style=\"flex-basis:50%\">\n<figure class=\"wp-block-image size-full\"><img decoding=\"async\" width=\"1441\" height=\"2560\" src=\"https:\/\/riojablack.com\/wp-content\/uploads\/2025\/10\/20251025_143924-scaled.jpg\" alt=\"Eine schwarze Mercedes-Benz V-Klasse parkt vor dem kultigen Weingut Ysios, das von Calatrava entworfen wurde und dessen charakteristisches gewelltes Dach und eine Reihe von Zypressen aufweist.\" class=\"wp-image-1246\" style=\"aspect-ratio:1;object-fit:cover\" srcset=\"https:\/\/riojablack.com\/wp-content\/uploads\/2025\/10\/20251025_143924-scaled.jpg 1441w, https:\/\/riojablack.com\/wp-content\/uploads\/2025\/10\/20251025_143924-169x300.jpg 169w, https:\/\/riojablack.com\/wp-content\/uploads\/2025\/10\/20251025_143924-577x1024.jpg 577w, https:\/\/riojablack.com\/wp-content\/uploads\/2025\/10\/20251025_143924-768x1364.jpg 768w, https:\/\/riojablack.com\/wp-content\/uploads\/2025\/10\/20251025_143924-865x1536.jpg 865w, https:\/\/riojablack.com\/wp-content\/uploads\/2025\/10\/20251025_143924-1153x2048.jpg 1153w, https:\/\/riojablack.com\/wp-content\/uploads\/2025\/10\/20251025_143924-172x306.jpg 172w, https:\/\/riojablack.com\/wp-content\/uploads\/2025\/10\/20251025_143924-300x533.jpg 300w\" sizes=\"(max-width: 1441px) 100vw, 1441px\" \/><figcaption class=\"wp-element-caption\">Der perfekte Kontrast: unsere luxuri\u00f6se V-Klasse vor der avantgardistischen Architektur der Weing\u00fcter Ysios, einem Symbol der Modernit\u00e4t in der Landschaft der Rioja Alavesa.<\/figcaption><\/figure>\n<\/div>\n<\/div>\n<\/div>\n\n<div class=\"wp-block-group alignfull is-style-section-5 has-global-padding is-layout-constrained wp-block-group-is-layout-constrained is-style-section-5--3\" style=\"margin-top:0;margin-bottom:0;padding-top:var(--wp--preset--spacing--50);padding-bottom:var(--wp--preset--spacing--50)\">\n<div class=\"wp-block-columns alignwide is-layout-flex wp-container-core-columns-is-layout-7ee84d44 wp-block-columns-is-layout-flex\">\n<div class=\"wp-block-column is-vertically-aligned-center is-layout-flow wp-block-column-is-layout-flow\" style=\"flex-basis:50%\">\n<h2 class=\"wp-block-heading has-x-large-font-size\"><a href=\"https:\/\/riojablack.com\/executive-transport-for-business\/\">Firmen- und Gesch\u00e4ftsreisen<\/a><\/h2>\n\n\n\n<p class=\"has-medium-font-size\">Wir verstehen die Anforderungen der Gesch\u00e4ftswelt. Unser Firmenservice garantiert P\u00fcnktlichkeit, Diskretion und eine mobile, vernetzte Umgebung. Beeindrucken Sie Ihre Kunden und bewegen Sie sich effizient zwischen den Meetings in unserem Flaggschiff, der S-Klasse oder der Executive E-Klasse. Wir bieten einen zuverl\u00e4ssigen Service, der die hohen Standards Ihres Unternehmens widerspiegelt.    <\/p>\n<\/div>\n\n\n\n<div class=\"wp-block-column is-vertically-aligned-center is-layout-flow wp-block-column-is-layout-flow\" style=\"flex-basis:50%\">\n<figure class=\"wp-block-image size-full\"><img decoding=\"async\" width=\"2560\" height=\"1441\" src=\"https:\/\/riojablack.com\/wp-content\/uploads\/2026\/02\/DSC08743-scaled.jpg\" alt=\"Innenraum der Mercedes V-Klasse mit dem zentralen Klapptisch f&#xFC;r Gesch&#xE4;ftsreisen und Arbeiten an Bord in La Rioja.\" class=\"wp-image-1562\" style=\"aspect-ratio:1;object-fit:cover\" srcset=\"https:\/\/riojablack.com\/wp-content\/uploads\/2026\/02\/DSC08743-scaled.jpg 2560w, https:\/\/riojablack.com\/wp-content\/uploads\/2026\/02\/DSC08743-300x169.jpg 300w, https:\/\/riojablack.com\/wp-content\/uploads\/2026\/02\/DSC08743-1024x576.jpg 1024w, https:\/\/riojablack.com\/wp-content\/uploads\/2026\/02\/DSC08743-768x432.jpg 768w, https:\/\/riojablack.com\/wp-content\/uploads\/2026\/02\/DSC08743-1536x864.jpg 1536w, https:\/\/riojablack.com\/wp-content\/uploads\/2026\/02\/DSC08743-2048x1153.jpg 2048w, https:\/\/riojablack.com\/wp-content\/uploads\/2026\/02\/DSC08743-460x259.jpg 460w, https:\/\/riojablack.com\/wp-content\/uploads\/2026\/02\/DSC08743-800x450.jpg 800w\" sizes=\"(max-width: 2560px) 100vw, 2560px\" \/><figcaption class=\"wp-element-caption\">Ihr mobiles B\u00fcro: Privatsph\u00e4re und Komfort f\u00fcr die Vorbereitung Ihres n\u00e4chsten Meetings.<\/figcaption><\/figure>\n<\/div>\n<\/div>\n<\/div>\n\n<div class=\"wp-block-group alignfull is-style-section-5 has-global-padding is-layout-constrained wp-block-group-is-layout-constrained is-style-section-5--4\" style=\"margin-top:0;margin-bottom:0;padding-top:var(--wp--preset--spacing--50);padding-bottom:var(--wp--preset--spacing--50)\">\n<div class=\"wp-block-columns alignwide is-layout-flex wp-container-core-columns-is-layout-7ee84d44 wp-block-columns-is-layout-flex\">\n<div class=\"wp-block-column is-vertically-aligned-center is-layout-flow wp-block-column-is-layout-flow\" style=\"flex-basis:50%\">\n<h2 class=\"wp-block-heading has-x-large-font-size\"><a href=\"https:\/\/riojablack.com\/as-directed-private-hire-your-time-your-itinerary\/\">Chauffeur stundenweise verf\u00fcgbar<\/a><\/h2>\n\n\n\n<p class=\"has-medium-font-size\">Ihr Fahrzeug und Ihr Chauffeur, zu Ihrer Verf\u00fcgung. Dieser Service, der stundenweise oder ganzt\u00e4gig verf\u00fcgbar ist, bietet Ihnen maximale Flexibilit\u00e4t, um La Rioja in Ihrem eigenen Tempo zu erkunden, mehrere Termine wahrzunehmen oder einfach einen Chauffeur zu Ihrer Verf\u00fcgung zu haben. Ihre Agenda ist unsere Reiseroute.    <\/p>\n<\/div>\n\n\n\n<div class=\"wp-block-column is-vertically-aligned-center is-layout-flow wp-block-column-is-layout-flow\" style=\"flex-basis:50%\">\n<figure class=\"wp-block-image size-full\"><a href=\"https:\/\/riojablack.com\/as-directed-private-hire-your-time-your-itinerary\/\"><img decoding=\"async\" width=\"1440\" height=\"2560\" src=\"https:\/\/riojablack.com\/wp-content\/uploads\/2025\/08\/DSC07456-scaled.jpg\" alt=\"\" class=\"wp-image-200\" style=\"aspect-ratio:1;object-fit:cover\" srcset=\"https:\/\/riojablack.com\/wp-content\/uploads\/2025\/08\/DSC07456-scaled.jpg 1440w, https:\/\/riojablack.com\/wp-content\/uploads\/2025\/08\/DSC07456-169x300.jpg 169w, https:\/\/riojablack.com\/wp-content\/uploads\/2025\/08\/DSC07456-576x1024.jpg 576w, https:\/\/riojablack.com\/wp-content\/uploads\/2025\/08\/DSC07456-768x1365.jpg 768w, https:\/\/riojablack.com\/wp-content\/uploads\/2025\/08\/DSC07456-864x1536.jpg 864w, https:\/\/riojablack.com\/wp-content\/uploads\/2025\/08\/DSC07456-1152x2048.jpg 1152w, https:\/\/riojablack.com\/wp-content\/uploads\/2025\/08\/DSC07456-172x306.jpg 172w, https:\/\/riojablack.com\/wp-content\/uploads\/2025\/08\/DSC07456-300x533.jpg 300w\" sizes=\"(max-width: 1440px) 100vw, 1440px\" \/><\/a><\/figure>\n<\/div>\n<\/div>\n<\/div>\n\n<div class=\"wp-block-group alignfull is-style-section-5 has-global-padding is-layout-constrained wp-block-group-is-layout-constrained is-style-section-5--5\" style=\"margin-top:0;margin-bottom:0;padding-top:var(--wp--preset--spacing--50);padding-bottom:var(--wp--preset--spacing--50)\">\n<div class=\"wp-block-columns alignwide is-layout-flex wp-container-core-columns-is-layout-7ee84d44 wp-block-columns-is-layout-flex\">\n<div class=\"wp-block-column is-vertically-aligned-center is-layout-flow wp-block-column-is-layout-flow\" style=\"flex-basis:50%\">\n<h2 class=\"wp-block-heading has-x-large-font-size\"><a href=\"https:\/\/riojablack.com\/luxury-transport-for-unforgettable-weddings-events\/\">Hochzeiten und besondere Anl\u00e4sse<\/a><\/h2>\n\n\n\n<p class=\"has-medium-font-size\">Verleihen Sie Ihrem wichtigsten Tag einen unvergesslichen Hauch von Klasse. Machen Sie einen triumphalen Auftritt mit der majest\u00e4tischen Mercedes-Benz S-Klasse, dem spektakul\u00e4ren Rolls Royce Phantom, oder sorgen Sie daf\u00fcr, dass Ihre G\u00e4ste bequem und stilvoll in unserer V-Klasse-Flotte reisen. Wir bieten eleganten und p\u00fcnktlichen Transport f\u00fcr Hochzeiten, Jubil\u00e4en und exklusive Veranstaltungen. <\/p>\n<\/div>\n\n\n\n<div class=\"wp-block-column is-vertically-aligned-center is-layout-flow wp-block-column-is-layout-flow\" style=\"flex-basis:50%\">\n<figure class=\"wp-block-image size-full\"><img decoding=\"async\" width=\"2560\" height=\"1441\" src=\"https:\/\/riojablack.com\/wp-content\/uploads\/2026\/03\/DSC01976-1-scaled.jpg\" alt=\"Vorderseite des Rolls Royce Phantom von 1933\" class=\"wp-image-2211\" style=\"aspect-ratio:1;object-fit:cover\" srcset=\"https:\/\/riojablack.com\/wp-content\/uploads\/2026\/03\/DSC01976-1-scaled.jpg 2560w, https:\/\/riojablack.com\/wp-content\/uploads\/2026\/03\/DSC01976-1-300x169.jpg 300w, https:\/\/riojablack.com\/wp-content\/uploads\/2026\/03\/DSC01976-1-1024x576.jpg 1024w, https:\/\/riojablack.com\/wp-content\/uploads\/2026\/03\/DSC01976-1-768x432.jpg 768w, https:\/\/riojablack.com\/wp-content\/uploads\/2026\/03\/DSC01976-1-1536x864.jpg 1536w, https:\/\/riojablack.com\/wp-content\/uploads\/2026\/03\/DSC01976-1-2048x1152.jpg 2048w, https:\/\/riojablack.com\/wp-content\/uploads\/2026\/03\/DSC01976-1-460x259.jpg 460w, https:\/\/riojablack.com\/wp-content\/uploads\/2026\/03\/DSC01976-1-800x450.jpg 800w\" sizes=\"(max-width: 2560px) 100vw, 2560px\" \/><\/figure>\n<\/div>\n<\/div>\n<\/div>\n\n<div class=\"wp-block-group alignfull has-global-padding is-layout-constrained wp-block-group-is-layout-constrained\" style=\"margin-top:0;margin-bottom:0\"><\/div>\n\n<div class=\"wp-block-group alignfull has-global-padding is-layout-constrained wp-container-core-group-is-layout-08655630 wp-block-group-is-layout-constrained\" style=\"margin-top:0;margin-bottom:0;padding-top:var(--wp--preset--spacing--80);padding-bottom:var(--wp--preset--spacing--80)\">\n<div class=\"wp-block-group alignwide is-layout-flow wp-block-group-is-layout-flow\">\n<ul class=\"wp-block-social-links has-icon-color is-style-logos-only is-content-justification-center is-layout-flex wp-container-core-social-links-is-layout-a89b3969 wp-block-social-links-is-layout-flex\"><li class=\"wp-social-link wp-social-link-twitter has-contrast-color wp-block-social-link\"><a href=\"#\" class=\"wp-block-social-link-anchor\"><svg width=\"24\" height=\"24\" viewBox=\"0 0 24 24\" version=\"1.1\" xmlns=\"http:\/\/www.w3.org\/2000\/svg\" aria-hidden=\"true\" focusable=\"false\"><path d=\"M22.23,5.924c-0.736,0.326-1.527,0.547-2.357,0.646c0.847-0.508,1.498-1.312,1.804-2.27 c-0.793,0.47-1.671,0.812-2.606,0.996C18.324,4.498,17.257,4,16.077,4c-2.266,0-4.103,1.837-4.103,4.103 c0,0.322,0.036,0.635,0.106,0.935C8.67,8.867,5.647,7.234,3.623,4.751C3.27,5.357,3.067,6.062,3.067,6.814 c0,1.424,0.724,2.679,1.825,3.415c-0.673-0.021-1.305-0.206-1.859-0.513c0,0.017,0,0.034,0,0.052c0,1.988,1.414,3.647,3.292,4.023 c-0.344,0.094-0.707,0.144-1.081,0.144c-0.264,0-0.521-0.026-0.772-0.074c0.522,1.63,2.038,2.816,3.833,2.85 c-1.404,1.1-3.174,1.756-5.096,1.756c-0.331,0-0.658-0.019-0.979-0.057c1.816,1.164,3.973,1.843,6.29,1.843 c7.547,0,11.675-6.252,11.675-11.675c0-0.178-0.004-0.355-0.012-0.531C20.985,7.47,21.68,6.747,22.23,5.924z\"><\/path><\/svg><span class=\"wp-block-social-link-label screen-reader-text\">Twitter<\/span><\/a><\/li>\n\n<li class=\"wp-social-link wp-social-link-facebook has-contrast-color wp-block-social-link\"><a href=\"https:\/\/www.facebook.com\/profile.php?id=61578864602745\" class=\"wp-block-social-link-anchor\"><svg width=\"24\" height=\"24\" viewBox=\"0 0 24 24\" version=\"1.1\" xmlns=\"http:\/\/www.w3.org\/2000\/svg\" aria-hidden=\"true\" focusable=\"false\"><path d=\"M12 2C6.5 2 2 6.5 2 12c0 5 3.7 9.1 8.4 9.9v-7H7.9V12h2.5V9.8c0-2.5 1.5-3.9 3.8-3.9 1.1 0 2.2.2 2.2.2v2.5h-1.3c-1.2 0-1.6.8-1.6 1.6V12h2.8l-.4 2.9h-2.3v7C18.3 21.1 22 17 22 12c0-5.5-4.5-10-10-10z\"><\/path><\/svg><span class=\"wp-block-social-link-label screen-reader-text\">Facebook<\/span><\/a><\/li>\n\n<li class=\"wp-social-link wp-social-link-instagram has-contrast-color wp-block-social-link\"><a href=\"https:\/\/www.instagram.com\/riojablack?utm_source=ig_web_button_share_sheet&#038;igsh=ZDNlZDc0MzIxNw==\" class=\"wp-block-social-link-anchor\"><svg width=\"24\" height=\"24\" viewBox=\"0 0 24 24\" version=\"1.1\" xmlns=\"http:\/\/www.w3.org\/2000\/svg\" aria-hidden=\"true\" focusable=\"false\"><path d=\"M12,4.622c2.403,0,2.688,0.009,3.637,0.052c0.877,0.04,1.354,0.187,1.671,0.31c0.42,0.163,0.72,0.358,1.035,0.673 c0.315,0.315,0.51,0.615,0.673,1.035c0.123,0.317,0.27,0.794,0.31,1.671c0.043,0.949,0.052,1.234,0.052,3.637 s-0.009,2.688-0.052,3.637c-0.04,0.877-0.187,1.354-0.31,1.671c-0.163,0.42-0.358,0.72-0.673,1.035 c-0.315,0.315-0.615,0.51-1.035,0.673c-0.317,0.123-0.794,0.27-1.671,0.31c-0.949,0.043-1.233,0.052-3.637,0.052 s-2.688-0.009-3.637-0.052c-0.877-0.04-1.354-0.187-1.671-0.31c-0.42-0.163-0.72-0.358-1.035-0.673 c-0.315-0.315-0.51-0.615-0.673-1.035c-0.123-0.317-0.27-0.794-0.31-1.671C4.631,14.688,4.622,14.403,4.622,12 s0.009-2.688,0.052-3.637c0.04-0.877,0.187-1.354,0.31-1.671c0.163-0.42,0.358-0.72,0.673-1.035 c0.315-0.315,0.615-0.51,1.035-0.673c0.317-0.123,0.794-0.27,1.671-0.31C9.312,4.631,9.597,4.622,12,4.622 M12,3 C9.556,3,9.249,3.01,8.289,3.054C7.331,3.098,6.677,3.25,6.105,3.472C5.513,3.702,5.011,4.01,4.511,4.511 c-0.5,0.5-0.808,1.002-1.038,1.594C3.25,6.677,3.098,7.331,3.054,8.289C3.01,9.249,3,9.556,3,12c0,2.444,0.01,2.751,0.054,3.711 c0.044,0.958,0.196,1.612,0.418,2.185c0.23,0.592,0.538,1.094,1.038,1.594c0.5,0.5,1.002,0.808,1.594,1.038 c0.572,0.222,1.227,0.375,2.185,0.418C9.249,20.99,9.556,21,12,21s2.751-0.01,3.711-0.054c0.958-0.044,1.612-0.196,2.185-0.418 c0.592-0.23,1.094-0.538,1.594-1.038c0.5-0.5,0.808-1.002,1.038-1.594c0.222-0.572,0.375-1.227,0.418-2.185 C20.99,14.751,21,14.444,21,12s-0.01-2.751-0.054-3.711c-0.044-0.958-0.196-1.612-0.418-2.185c-0.23-0.592-0.538-1.094-1.038-1.594 c-0.5-0.5-1.002-0.808-1.594-1.038c-0.572-0.222-1.227-0.375-2.185-0.418C14.751,3.01,14.444,3,12,3L12,3z M12,7.378 c-2.552,0-4.622,2.069-4.622,4.622S9.448,16.622,12,16.622s4.622-2.069,4.622-4.622S14.552,7.378,12,7.378z M12,15 c-1.657,0-3-1.343-3-3s1.343-3,3-3s3,1.343,3,3S13.657,15,12,15z M16.804,6.116c-0.596,0-1.08,0.484-1.08,1.08 s0.484,1.08,1.08,1.08c0.596,0,1.08-0.484,1.08-1.08S17.401,6.116,16.804,6.116z\"><\/path><\/svg><span class=\"wp-block-social-link-label screen-reader-text\">Instagram<\/span><\/a><\/li>\n\n<li class=\"wp-social-link wp-social-link-pinterest has-contrast-color wp-block-social-link\"><a href=\"https:\/\/es.pinterest.com\/riojablack\" class=\"wp-block-social-link-anchor\"><svg width=\"24\" height=\"24\" viewBox=\"0 0 24 24\" version=\"1.1\" xmlns=\"http:\/\/www.w3.org\/2000\/svg\" aria-hidden=\"true\" focusable=\"false\"><path d=\"M12.289,2C6.617,2,3.606,5.648,3.606,9.622c0,1.846,1.025,4.146,2.666,4.878c0.25,0.111,0.381,0.063,0.439-0.169 c0.044-0.175,0.267-1.029,0.365-1.428c0.032-0.128,0.017-0.237-0.091-0.362C6.445,11.911,6.01,10.75,6.01,9.668 c0-2.777,2.194-5.464,5.933-5.464c3.23,0,5.49,2.108,5.49,5.122c0,3.407-1.794,5.768-4.13,5.768c-1.291,0-2.257-1.021-1.948-2.277 c0.372-1.495,1.089-3.112,1.089-4.191c0-0.967-0.542-1.775-1.663-1.775c-1.319,0-2.379,1.309-2.379,3.059 c0,1.115,0.394,1.869,0.394,1.869s-1.302,5.279-1.54,6.261c-0.405,1.666,0.053,4.368,0.094,4.604 c0.021,0.126,0.167,0.169,0.25,0.063c0.129-0.165,1.699-2.419,2.142-4.051c0.158-0.59,0.817-2.995,0.817-2.995 c0.43,0.784,1.681,1.446,3.013,1.446c3.963,0,6.822-3.494,6.822-7.833C20.394,5.112,16.849,2,12.289,2\"><\/path><\/svg><span class=\"wp-block-social-link-label screen-reader-text\">Pinterest<\/span><\/a><\/li><\/ul>\n<\/div>\n<\/div>\n","protected":false},"excerpt":{"rendered":"<p>Flughafen-Transfers Beginnen oder beenden Sie Ihre Reise mit nat\u00fcrlicher Raffinesse. Wir fahren alle gro\u00dfen Flugh\u00e4fen an, darunter Bilbao (BIO), Vitoria (VIT) und Logro\u00f1o (RJL). Ihr Chauffeur \u00fcberwacht Ihren Flug und wartet auf Sie, ganz gleich, ob Sie eine Executive E-Klasse f\u00fcr eine Solofahrt oder eine V-Klasse f\u00fcr einen Familienurlaub ben\u00f6tigen. Weintourismus und Gastronomie Lassen Sie [&hellip;]<\/p>\n","protected":false},"author":1,"featured_media":0,"parent":0,"menu_order":0,"comment_status":"closed","ping_status":"closed","template":"","meta":{"pagelayer_contact_templates":[],"_pagelayer_content":"","footnotes":""},"class_list":["post-3210","page","type-page","status-publish","hentry"],"_links":{"self":[{"href":"https:\/\/riojablack.com\/de\/wp-json\/wp\/v2\/pages\/3210","targetHints":{"allow":["GET"]}}],"collection":[{"href":"https:\/\/riojablack.com\/de\/wp-json\/wp\/v2\/pages"}],"about":[{"href":"https:\/\/riojablack.com\/de\/wp-json\/wp\/v2\/types\/page"}],"author":[{"embeddable":true,"href":"https:\/\/riojablack.com\/de\/wp-json\/wp\/v2\/users\/1"}],"replies":[{"embeddable":true,"href":"https:\/\/riojablack.com\/de\/wp-json\/wp\/v2\/comments?post=3210"}],"version-history":[{"count":4,"href":"https:\/\/riojablack.com\/de\/wp-json\/wp\/v2\/pages\/3210\/revisions"}],"predecessor-version":[{"id":4256,"href":"https:\/\/riojablack.com\/de\/wp-json\/wp\/v2\/pages\/3210\/revisions\/4256"}],"wp:attachment":[{"href":"https:\/\/riojablack.com\/de\/wp-json\/wp\/v2\/media?parent=3210"}],"curies":[{"name":"wp","href":"https:\/\/api.w.org\/{rel}","templated":true}]}}