{"id":1892,"date":"2026-03-07T17:11:28","date_gmt":"2026-03-07T16:11:28","guid":{"rendered":"https:\/\/riojablack.com\/?page_id=1892"},"modified":"2026-03-07T17:14:39","modified_gmt":"2026-03-07T16:14:39","slug":"mice-corporate-transportation-rioja","status":"publish","type":"page","link":"https:\/\/riojablack.com\/en\/mice-corporate-transportation-rioja\/","title":{"rendered":"Premium MICE Transportation in La Rioja: Corporate Events &amp; Incentive Travel"},"content":{"rendered":"\n<div class=\"wp-block-group alignfull is-style-section-1 has-global-padding is-layout-constrained wp-container-core-group-is-layout-cdf985e3 wp-block-group-is-layout-constrained is-style-section-1--1\" style=\"min-height:100vh;margin-top:0;margin-bottom:0;padding-top:var(--wp--preset--spacing--80);padding-right:var(--wp--preset--spacing--80);padding-bottom:var(--wp--preset--spacing--80);padding-left:var(--wp--preset--spacing--80)\">\n<div class=\"wp-block-columns alignwide are-vertically-aligned-center is-layout-flex wp-container-core-columns-is-layout-643ced6b wp-block-columns-is-layout-flex\">\n<div class=\"wp-block-column is-vertically-aligned-center is-layout-flow wp-block-column-is-layout-flow\">\n<figure class=\"wp-block-image aligncenter size-full has-custom-border\"><img decoding=\"async\" width=\"1441\" height=\"2560\" src=\"https:\/\/riojablack.com\/wp-content\/uploads\/2025\/10\/DSC05924-scaled.jpg\" alt=\"\" class=\"wp-image-828\" style=\"border-top-left-radius:150px;border-bottom-right-radius:150px;object-fit:cover\" srcset=\"https:\/\/riojablack.com\/wp-content\/uploads\/2025\/10\/DSC05924-scaled.jpg 1441w, https:\/\/riojablack.com\/wp-content\/uploads\/2025\/10\/DSC05924-169x300.jpg 169w, https:\/\/riojablack.com\/wp-content\/uploads\/2025\/10\/DSC05924-576x1024.jpg 576w, https:\/\/riojablack.com\/wp-content\/uploads\/2025\/10\/DSC05924-768x1365.jpg 768w, https:\/\/riojablack.com\/wp-content\/uploads\/2025\/10\/DSC05924-864x1536.jpg 864w, https:\/\/riojablack.com\/wp-content\/uploads\/2025\/10\/DSC05924-1153x2048.jpg 1153w, https:\/\/riojablack.com\/wp-content\/uploads\/2025\/10\/DSC05924-172x306.jpg 172w, https:\/\/riojablack.com\/wp-content\/uploads\/2025\/10\/DSC05924-300x533.jpg 300w\" sizes=\"(max-width: 1441px) 100vw, 1441px\" \/><\/figure>\n<\/div>\n\n\n\n<div class=\"wp-block-column is-vertically-aligned-center is-layout-flow wp-block-column-is-layout-flow\">\n<div class=\"wp-block-group is-vertical is-content-justification-stretch is-layout-flex wp-container-core-group-is-layout-353c4f5a wp-block-group-is-layout-flex\">\n<h2 class=\"wp-block-heading has-text-align-left\">Elevate Your Corporate Logistics with RiojaBlack<\/h2>\n\n\n\n<p class=\"has-text-align-left\">La Rioja is rapidly emerging as a premier destination for MICE tourism, offering a unique balance between professional business infrastructures and world-class enology and gastronomy. For international event planners, Destination Management Companies (DMCs), and corporate executives, RiojaBlack provides impeccable, reliable ground transportation tailored to the highest global standards.\u200b<\/p>\n\n\n\n<p class=\"has-text-align-left\">Whether you are organizing a massive international congress or an exclusive executive retreat, our black car service ensures your corporate logistics are executed with absolute precision, discretion, and elegance.<\/p>\n\n\n\n<ul class=\"wp-block-social-links has-icon-color is-style-logos-only is-layout-flex wp-block-social-links-is-layout-flex\"><li style=\"color:currentColor;\" class=\"wp-social-link wp-social-link-whatsapp has-currentColor-color wp-block-social-link\"><a href=\"https:\/\/wa.me\/34614330787\" class=\"wp-block-social-link-anchor\"><svg width=\"24\" height=\"24\" viewBox=\"0 0 24 24\" version=\"1.1\" xmlns=\"http:\/\/www.w3.org\/2000\/svg\" aria-hidden=\"true\" focusable=\"false\"><path d=\"M 12.011719 2 C 6.5057187 2 2.0234844 6.478375 2.0214844 11.984375 C 2.0204844 13.744375 2.4814687 15.462563 3.3554688 16.976562 L 2 22 L 7.2324219 20.763672 C 8.6914219 21.559672 10.333859 21.977516 12.005859 21.978516 L 12.009766 21.978516 C 17.514766 21.978516 21.995047 17.499141 21.998047 11.994141 C 22.000047 9.3251406 20.962172 6.8157344 19.076172 4.9277344 C 17.190172 3.0407344 14.683719 2.001 12.011719 2 z M 12.009766 4 C 14.145766 4.001 16.153109 4.8337969 17.662109 6.3417969 C 19.171109 7.8517969 20.000047 9.8581875 19.998047 11.992188 C 19.996047 16.396187 16.413812 19.978516 12.007812 19.978516 C 10.674812 19.977516 9.3544062 19.642812 8.1914062 19.007812 L 7.5175781 18.640625 L 6.7734375 18.816406 L 4.8046875 19.28125 L 5.2851562 17.496094 L 5.5019531 16.695312 L 5.0878906 15.976562 C 4.3898906 14.768562 4.0204844 13.387375 4.0214844 11.984375 C 4.0234844 7.582375 7.6067656 4 12.009766 4 z M 8.4765625 7.375 C 8.3095625 7.375 8.0395469 7.4375 7.8105469 7.6875 C 7.5815469 7.9365 6.9355469 8.5395781 6.9355469 9.7675781 C 6.9355469 10.995578 7.8300781 12.182609 7.9550781 12.349609 C 8.0790781 12.515609 9.68175 15.115234 12.21875 16.115234 C 14.32675 16.946234 14.754891 16.782234 15.212891 16.740234 C 15.670891 16.699234 16.690438 16.137687 16.898438 15.554688 C 17.106437 14.971687 17.106922 14.470187 17.044922 14.367188 C 16.982922 14.263188 16.816406 14.201172 16.566406 14.076172 C 16.317406 13.951172 15.090328 13.348625 14.861328 13.265625 C 14.632328 13.182625 14.464828 13.140625 14.298828 13.390625 C 14.132828 13.640625 13.655766 14.201187 13.509766 14.367188 C 13.363766 14.534188 13.21875 14.556641 12.96875 14.431641 C 12.71875 14.305641 11.914938 14.041406 10.960938 13.191406 C 10.218937 12.530406 9.7182656 11.714844 9.5722656 11.464844 C 9.4272656 11.215844 9.5585938 11.079078 9.6835938 10.955078 C 9.7955938 10.843078 9.9316406 10.663578 10.056641 10.517578 C 10.180641 10.371578 10.223641 10.267562 10.306641 10.101562 C 10.389641 9.9355625 10.347156 9.7890625 10.285156 9.6640625 C 10.223156 9.5390625 9.737625 8.3065 9.515625 7.8125 C 9.328625 7.3975 9.131125 7.3878594 8.953125 7.3808594 C 8.808125 7.3748594 8.6425625 7.375 8.4765625 7.375 z\"><\/path><\/svg><span class=\"wp-block-social-link-label screen-reader-text\">WhatsApp<\/span><\/a><\/li><\/ul>\n<\/div>\n<\/div>\n<\/div>\n<\/div>\n\n\n\n<h2 class=\"wp-block-heading\">Seamless Logistics for Conferences and Congresses<\/h2>\n\n\n\n<p>Managing transportation for MICE visitors requires absolute consistency in service quality. We specialize in coordinated transfers for large-scale events, VIP speakers, and executive board members. Whether your corporate event is hosted at the Riojaforum Congress Center in Logro\u00f1o, or at prestigious business-ready hotels like the AC Hotel La Rioja, Hotel Gran V\u00eda, or \u00c1urea Palacio de Correos, our bilingual chauffeurs guarantee punctual, door-to-door service.<\/p>\n\n\n\n<h3 class=\"wp-block-heading\">Exclusive Incentive Travel and Executive Retreats<\/h3>\n\n\n\n<p>Reward your top performers, stakeholders, or loyal clients with an unforgettable incentive trip to Spain&#8217;s most famous wine region. We provide bespoke transportation for team-building activities and corporate retreats. Let our expert drivers navigate the scenic vineyard routes while your team enjoys private wine tastings at centenary underground cellars, exclusive dining experiences at Michelin-starred restaurants, or visits to spectacular winery architectures.<\/p>\n\n\n\n<h2 class=\"wp-block-heading\">The Ultimate Fleet for Corporate Groups<\/h2>\n\n\n\n<p>A premium event demands a premium fleet. Our vehicles are meticulously maintained and equipped to serve as mobile offices, featuring complimentary Wi-Fi, climate control, and supreme comfort.<\/p>\n\n\n\n<ul class=\"wp-block-list\">\n<li>Mercedes-Benz V-Class: The definitive luxury van for moving executive teams, event staff, or small incentive groups in absolute comfort, offering ample space for luggage and presentation materials.<\/li>\n<\/ul>\n\n\n\n<ul class=\"wp-block-list\">\n<li>Mercedes-Benz S-Class: The flagship of elegance, strictly reserved for CEOs, VIP guests, and keynote speakers who require the utmost privacy and luxury.100% Electric <\/li>\n<\/ul>\n\n\n\n<ul class=\"wp-block-list\">\n<li>EQ Fleet: For companies committed to corporate social responsibility (CSR) and sustainable MICE standards, our zero-emissions fleet provides a silent, eco-friendly luxury alternative.<\/li>\n<\/ul>\n\n\n\n<h2 class=\"wp-block-heading\">Why Partner with RiojaBlack for your MICE Event?<\/h2>\n\n\n\n<ul class=\"wp-block-list\">\n<li>Dedicated Event Coordination: We work closely with PCOs (Professional Conference Organizers) and event managers to ensure flawless execution of complex itineraries.<\/li>\n\n\n\n<li>Bilingual Professional Chauffeurs: Clear communication in English and Spanish to welcome your international attendees seamlessly.<\/li>\n\n\n\n<li>NLA Standards: As a proud member of the National Limousine Association, we adhere to strict international protocols for safety, insurance, and service quality.<\/li>\n\n\n\n<li>Airport Meet &amp; Greet: Stress-free arrivals for your attendees at Bilbao (BIO), Madrid (MAD), or Logro\u00f1o-Agoncillo airports, complete with personalized signage and luggage assistance.<\/li>\n<\/ul>\n\n\n\n<h3 class=\"wp-block-heading\">Contact our Corporate Travel Team today to discuss customized transportation solutions, route planning, and exclusive billing options for your next corporate event in La Rioja.<\/h3>\n\n\n\n<ul class=\"wp-block-social-links aligncenter is-layout-flex wp-block-social-links-is-layout-flex\"><li class=\"wp-social-link wp-social-link-whatsapp  wp-block-social-link\"><a href=\"https:\/\/wa.me\/+34614330787\" class=\"wp-block-social-link-anchor\"><svg width=\"24\" height=\"24\" viewBox=\"0 0 24 24\" version=\"1.1\" xmlns=\"http:\/\/www.w3.org\/2000\/svg\" aria-hidden=\"true\" focusable=\"false\"><path d=\"M 12.011719 2 C 6.5057187 2 2.0234844 6.478375 2.0214844 11.984375 C 2.0204844 13.744375 2.4814687 15.462563 3.3554688 16.976562 L 2 22 L 7.2324219 20.763672 C 8.6914219 21.559672 10.333859 21.977516 12.005859 21.978516 L 12.009766 21.978516 C 17.514766 21.978516 21.995047 17.499141 21.998047 11.994141 C 22.000047 9.3251406 20.962172 6.8157344 19.076172 4.9277344 C 17.190172 3.0407344 14.683719 2.001 12.011719 2 z M 12.009766 4 C 14.145766 4.001 16.153109 4.8337969 17.662109 6.3417969 C 19.171109 7.8517969 20.000047 9.8581875 19.998047 11.992188 C 19.996047 16.396187 16.413812 19.978516 12.007812 19.978516 C 10.674812 19.977516 9.3544062 19.642812 8.1914062 19.007812 L 7.5175781 18.640625 L 6.7734375 18.816406 L 4.8046875 19.28125 L 5.2851562 17.496094 L 5.5019531 16.695312 L 5.0878906 15.976562 C 4.3898906 14.768562 4.0204844 13.387375 4.0214844 11.984375 C 4.0234844 7.582375 7.6067656 4 12.009766 4 z M 8.4765625 7.375 C 8.3095625 7.375 8.0395469 7.4375 7.8105469 7.6875 C 7.5815469 7.9365 6.9355469 8.5395781 6.9355469 9.7675781 C 6.9355469 10.995578 7.8300781 12.182609 7.9550781 12.349609 C 8.0790781 12.515609 9.68175 15.115234 12.21875 16.115234 C 14.32675 16.946234 14.754891 16.782234 15.212891 16.740234 C 15.670891 16.699234 16.690438 16.137687 16.898438 15.554688 C 17.106437 14.971687 17.106922 14.470187 17.044922 14.367188 C 16.982922 14.263188 16.816406 14.201172 16.566406 14.076172 C 16.317406 13.951172 15.090328 13.348625 14.861328 13.265625 C 14.632328 13.182625 14.464828 13.140625 14.298828 13.390625 C 14.132828 13.640625 13.655766 14.201187 13.509766 14.367188 C 13.363766 14.534188 13.21875 14.556641 12.96875 14.431641 C 12.71875 14.305641 11.914938 14.041406 10.960938 13.191406 C 10.218937 12.530406 9.7182656 11.714844 9.5722656 11.464844 C 9.4272656 11.215844 9.5585938 11.079078 9.6835938 10.955078 C 9.7955938 10.843078 9.9316406 10.663578 10.056641 10.517578 C 10.180641 10.371578 10.223641 10.267562 10.306641 10.101562 C 10.389641 9.9355625 10.347156 9.7890625 10.285156 9.6640625 C 10.223156 9.5390625 9.737625 8.3065 9.515625 7.8125 C 9.328625 7.3975 9.131125 7.3878594 8.953125 7.3808594 C 8.808125 7.3748594 8.6425625 7.375 8.4765625 7.375 z\"><\/path><\/svg><span class=\"wp-block-social-link-label screen-reader-text\">WhatsApp<\/span><\/a><\/li><\/ul>\n\n\n\n<p><\/p>\n","protected":false},"excerpt":{"rendered":"<p>Elevate Your Corporate Logistics with RiojaBlack La Rioja is rapidly emerging as a premier destination for MICE tourism, offering a unique balance between professional business infrastructures and world-class enology and gastronomy. For international event planners, Destination Management Companies (DMCs), and corporate executives, RiojaBlack provides impeccable, reliable ground transportation tailored to the highest global standards.\u200b Whether [&hellip;]<\/p>\n","protected":false},"author":1,"featured_media":0,"parent":0,"menu_order":0,"comment_status":"closed","ping_status":"closed","template":"","meta":{"pagelayer_contact_templates":[],"_pagelayer_content":"","footnotes":""},"class_list":["post-1892","page","type-page","status-publish","hentry"],"_links":{"self":[{"href":"https:\/\/riojablack.com\/en\/wp-json\/wp\/v2\/pages\/1892","targetHints":{"allow":["GET"]}}],"collection":[{"href":"https:\/\/riojablack.com\/en\/wp-json\/wp\/v2\/pages"}],"about":[{"href":"https:\/\/riojablack.com\/en\/wp-json\/wp\/v2\/types\/page"}],"author":[{"embeddable":true,"href":"https:\/\/riojablack.com\/en\/wp-json\/wp\/v2\/users\/1"}],"replies":[{"embeddable":true,"href":"https:\/\/riojablack.com\/en\/wp-json\/wp\/v2\/comments?post=1892"}],"version-history":[{"count":1,"href":"https:\/\/riojablack.com\/en\/wp-json\/wp\/v2\/pages\/1892\/revisions"}],"predecessor-version":[{"id":1893,"href":"https:\/\/riojablack.com\/en\/wp-json\/wp\/v2\/pages\/1892\/revisions\/1893"}],"wp:attachment":[{"href":"https:\/\/riojablack.com\/en\/wp-json\/wp\/v2\/media?parent=1892"}],"curies":[{"name":"wp","href":"https:\/\/api.w.org\/{rel}","templated":true}]}}