{"id":2551,"date":"2025-10-19T09:20:27","date_gmt":"2025-10-19T08:20:27","guid":{"rendered":"https:\/\/riojablack.com\/vtc-premium-em-logrono-traslados-em-mercedes-classe-s\/"},"modified":"2026-05-15T15:11:35","modified_gmt":"2026-05-15T14:11:35","slug":"vtc-premium-em-logrono-traslados-em-mercedes-classe-s","status":"publish","type":"page","link":"https:\/\/riojablack.com\/pt-br\/vtc-premium-em-logrono-traslados-em-mercedes-classe-s\/","title":{"rendered":"VTC premium em Logro\u00f1o. Traslados em Mercedes classe S"},"content":{"rendered":"\n<div class=\"wp-block-cover alignfull is-light\"><img decoding=\"async\" width=\"2560\" height=\"1441\" class=\"wp-block-cover__image-background wp-image-1643 size-full\" alt=\"Un lujoso Mercedes clase S para traslados exclusivos en Logro\u00f1o\" src=\"https:\/\/riojablack.com\/wp-content\/uploads\/2026\/02\/DSC05832-1-scaled.jpg\" data-object-fit=\"cover\" srcset=\"https:\/\/riojablack.com\/wp-content\/uploads\/2026\/02\/DSC05832-1-scaled.jpg 2560w, https:\/\/riojablack.com\/wp-content\/uploads\/2026\/02\/DSC05832-1-300x169.jpg 300w, https:\/\/riojablack.com\/wp-content\/uploads\/2026\/02\/DSC05832-1-1024x576.jpg 1024w, https:\/\/riojablack.com\/wp-content\/uploads\/2026\/02\/DSC05832-1-768x432.jpg 768w, https:\/\/riojablack.com\/wp-content\/uploads\/2026\/02\/DSC05832-1-1536x864.jpg 1536w, https:\/\/riojablack.com\/wp-content\/uploads\/2026\/02\/DSC05832-1-2048x1153.jpg 2048w, https:\/\/riojablack.com\/wp-content\/uploads\/2026\/02\/DSC05832-1-460x259.jpg 460w, https:\/\/riojablack.com\/wp-content\/uploads\/2026\/02\/DSC05832-1-800x450.jpg 800w\" sizes=\"(max-width: 2560px) 100vw, 2560px\" \/><span aria-hidden=\"true\" class=\"wp-block-cover__background has-background-dim\" style=\"background-color:#c0b2a0\"><\/span><div class=\"wp-block-cover__inner-container has-global-padding is-layout-constrained wp-block-cover-is-layout-constrained\">\n<p class=\"has-text-align-center has-large-font-size\"><\/p>\n<\/div><\/div>\n<style>.siteseo-breadcrumbs{display:flex;list-style-type:none;margin:0;padding:0}.siteseo-breadcrumbs-seperator{margin:0 5px;padding:0}<\/style><div class=\"siteseo-breadcrumbs-wrap\">\n\t\t<ul class=\"siteseo-breadcrumbs\"><li><a href=\"https:\/\/riojablack.com\" title=\"Home\">Home<\/a><\/li><\/ul><\/div>\n\n<h2 class=\"wp-block-heading has-medium-font-size\">Traslados de luxo em La Rioja  <\/h2>\n\n<p>Nosso Mercedes-Benz Classe S n\u00e3o \u00e9 apenas um ve\u00edculo; \u00e9 uma afirma\u00e7\u00e3o. Como carro-chefe de nossa frota, ele representa o auge do conforto, da tecnologia e da eleg\u00e2ncia. Seu interior, feito com materiais da mais alta qualidade, cria uma atmosfera serena e exclusiva, perfeita para o viajante a neg\u00f3cios que precisa se concentrar ou para o casal que comemora uma ocasi\u00e3o inesquec\u00edvel. Escolha o Classe S para traslados executivos, chegadas em eventos de gala ou como o carro de casamento perfeito para o seu casamento. Cada viagem se torna uma experi\u00eancia de primeira classe, garantindo uma impress\u00e3o indel\u00e9vel.    <\/p>\n\n<figure class=\"wp-block-embed is-type-video is-provider-youtube wp-block-embed-youtube wp-embed-aspect-9-16 wp-has-aspect-ratio\"><div class=\"wp-block-embed__wrapper\">\n<iframe loading=\"lazy\" title=\"Viaje de Lujo en La Rioja: Nuestro Mercedes-Benz Clase S | RiojaBlack Transfers\" width=\"422\" height=\"750\" src=\"https:\/\/www.youtube.com\/embed\/htahIjuXyXM?feature=oembed\" frameborder=\"0\" allow=\"accelerometer; autoplay; clipboard-write; encrypted-media; gyroscope; picture-in-picture; web-share\" referrerpolicy=\"strict-origin-when-cross-origin\" allowfullscreen><\/iframe>\n<\/div><\/figure>\n\n<p>Nossos modelos do Classe S s\u00e3o meticulosamente configurados com recursos projetados para impressionar e relaxar.<br\/><br\/><\/p>\n\n<p><strong>Principais recursos e equipamentos<br\/> <br\/><\/strong><\/p>\n\n<h3 class=\"wp-block-heading\"><strong>Conforto executivo e interior opulento<br\/><\/strong><\/h3>\n\n<ul class=\"wp-block-list\">\n<li>Estofamento em couro Nappa: o couro macio e artesanal envolve os assentos, o painel de instrumentos e os pain\u00e9is das portas para uma experi\u00eancia t\u00e1til verdadeiramente premium.<br\/><\/li>\n\n\n\n<li>Bancos Multi-Contour com massagem: os bancos dianteiros e traseiros geralmente incluem fun\u00e7\u00f5es de massagem ativa, incluindo configura\u00e7\u00f5es de &#8220;pedras quentes&#8221;, para aliviar o estresse em viagens longas.<\/li>\n\n\n\n<li>Assentos aquecidos: assentos aquecidos e ventilados (resfriados) est\u00e3o dispon\u00edveis para todos os passageiros principais, garantindo conforto perfeito em qualquer clima.<br\/><\/li>\n\n\n\n<li>Pacote Executivo Traseiro: projetado para o passageiro com motorista, esse pacote geralmente inclui assentos reclin\u00e1veis, apoios de pernas el\u00e9tricos e uma mesa de trabalho\/cortesia dobr\u00e1vel.<br\/><\/li>\n\n\n\n<li>Ilumina\u00e7\u00e3o ambiente ativa: um sistema imersivo com 64 cores que pode responder a configura\u00e7\u00f5es clim\u00e1ticas, a\u00e7\u00f5es do motorista ou simplesmente criar um ambiente sereno.<\/li>\n\n\n\n<li>Teto solar panor\u00e2mico: um amplo teto de vidro banha a cabine com luz natural, aumentando a sensa\u00e7\u00e3o de espa\u00e7o.<br\/><\/li>\n\n\n\n<li>Pacote AIR-BALANCE: Inclui ioniza\u00e7\u00e3o do ar e um dispensador de fragr\u00e2ncias sutil e intercambi\u00e1vel para garantir que o ar da cabine esteja sempre fresco e agrad\u00e1vel.<\/li>\n<\/ul>\n\n<p><\/p>\n","protected":false},"excerpt":{"rendered":"<p>Traslados de luxo em La Rioja Nosso Mercedes-Benz Classe S n\u00e3o \u00e9 apenas um ve\u00edculo; \u00e9 uma afirma\u00e7\u00e3o. Como carro-chefe de nossa frota, ele representa o auge do conforto, da tecnologia e da eleg\u00e2ncia. Seu interior, feito com materiais da mais alta qualidade, cria uma atmosfera serena e exclusiva, perfeita para o viajante a neg\u00f3cios [&hellip;]<\/p>\n","protected":false},"author":1,"featured_media":0,"parent":0,"menu_order":0,"comment_status":"closed","ping_status":"closed","template":"","meta":{"pagelayer_contact_templates":[],"_pagelayer_content":"","footnotes":""},"class_list":["post-2551","page","type-page","status-publish","hentry"],"_links":{"self":[{"href":"https:\/\/riojablack.com\/pt-br\/wp-json\/wp\/v2\/pages\/2551","targetHints":{"allow":["GET"]}}],"collection":[{"href":"https:\/\/riojablack.com\/pt-br\/wp-json\/wp\/v2\/pages"}],"about":[{"href":"https:\/\/riojablack.com\/pt-br\/wp-json\/wp\/v2\/types\/page"}],"author":[{"embeddable":true,"href":"https:\/\/riojablack.com\/pt-br\/wp-json\/wp\/v2\/users\/1"}],"replies":[{"embeddable":true,"href":"https:\/\/riojablack.com\/pt-br\/wp-json\/wp\/v2\/comments?post=2551"}],"version-history":[{"count":4,"href":"https:\/\/riojablack.com\/pt-br\/wp-json\/wp\/v2\/pages\/2551\/revisions"}],"predecessor-version":[{"id":4130,"href":"https:\/\/riojablack.com\/pt-br\/wp-json\/wp\/v2\/pages\/2551\/revisions\/4130"}],"wp:attachment":[{"href":"https:\/\/riojablack.com\/pt-br\/wp-json\/wp\/v2\/media?parent=2551"}],"curies":[{"name":"wp","href":"https:\/\/api.w.org\/{rel}","templated":true}]}}